{"id":2101,"date":"2025-08-21T18:34:22","date_gmt":"2025-08-21T16:34:22","guid":{"rendered":"https:\/\/albanisch-lernen.com\/?post_type=product&#038;p=2101"},"modified":"2026-01-01T16:39:56","modified_gmt":"2026-01-01T14:39:56","slug":"adjektivdeklination","status":"publish","type":"product","link":"https:\/\/albanisch-lernen.com\/en\/product\/adjektivdeklination\/","title":{"rendered":"Adjektivdeklination"},"content":{"rendered":"<p class=\"p1\"><span class=\"s1\">Meistere die <\/span><b>Deklination der Adjektive im Kosovo-Albanischen (Gegisch)<\/b><span class=\"s1\"> mit diesem umfangreichen Arbeitsblatt (19 Seiten)!<\/span><\/p>\n<ul>\n<li>\n<p class=\"p1\">Verst\u00e4ndliche <span class=\"s1\"><b>Erkl\u00e4rungen<\/b><\/span> zu allen 6 Adjektivklassen<\/p>\n<\/li>\n<li>\n<p class=\"p1\"><span class=\"s1\">Zahlreiche <\/span><b>\u00dcbungen mit L\u00f6sungen<\/b><b><\/b><\/p>\n<\/li>\n<li>\n<p class=\"p1\"><span class=\"s1\">Ideal f\u00fcr <\/span><b>Selbstlerner<\/b><span class=\"s1\">\u00a0und <\/span><b>Kursbegleitmaterial<\/b><\/p>\n<\/li>\n<li>\n<p class=\"p1\">Einzigartig: speziell auf das <span class=\"s1\"><b>Kosovo-Albanische<\/b><\/span> zugeschnitten<\/p>\n<\/li>\n<\/ul>\n<p class=\"p4\">Mit diesem Material erh\u00e4ltst du die perfekte Grundlage, um Adjektive <span class=\"s3\"><b>sicher zu deklinieren und aktiv anzuwenden<\/b><\/span>.<\/p>\n<p class=\"p4\">\ud83d\udc49 Exklusiv beim <span class=\"s3\"><b>Kuqi-Institut f\u00fcr Sprachwissenschaft<\/b><\/span> \u2013 die Nr. 1 f\u00fcr Albanisch im deutschsprachigen Raum!<\/p>","protected":false},"excerpt":{"rendered":"<p>Meistere die Deklination der Adjektive im Kosovo-Albanischen (Gegisch) mit diesem umfangreichen Arbeitsblatt (19 Seiten)! Verst\u00e4ndliche Erkl\u00e4rungen zu allen 6 Adjektivklassen Zahlreiche \u00dcbungen mit L\u00f6sungen Ideal f\u00fcr Selbstlerner\u00a0und Kursbegleitmaterial Einzigartig: speziell auf das Kosovo-Albanische zugeschnitten Mit diesem Material erh\u00e4ltst du die perfekte Grundlage, um Adjektive sicher zu deklinieren und aktiv anzuwenden. \ud83d\udc49 Exklusiv beim Kuqi-Institut f\u00fcr [&hellip;]<\/p>\n","protected":false},"featured_media":2103,"comment_status":"open","ping_status":"closed","template":"","meta":{"_acf_changed":false},"product_brand":[],"product_cat":[31],"product_tag":[],"class_list":{"0":"post-2101","1":"product","2":"type-product","3":"status-publish","4":"has-post-thumbnail","6":"product_cat-uebungspaket","8":"first","9":"instock","10":"sale","11":"downloadable","12":"sold-individually","13":"taxable","14":"shipping-taxable","15":"purchasable","16":"product-type-simple"},"acf":[],"jetpack_sharing_enabled":true,"_links":{"self":[{"href":"https:\/\/albanisch-lernen.com\/en\/wp-json\/wp\/v2\/product\/2101","targetHints":{"allow":["GET"]}}],"collection":[{"href":"https:\/\/albanisch-lernen.com\/en\/wp-json\/wp\/v2\/product"}],"about":[{"href":"https:\/\/albanisch-lernen.com\/en\/wp-json\/wp\/v2\/types\/product"}],"replies":[{"embeddable":true,"href":"https:\/\/albanisch-lernen.com\/en\/wp-json\/wp\/v2\/comments?post=2101"}],"wp:featuredmedia":[{"embeddable":true,"href":"https:\/\/albanisch-lernen.com\/en\/wp-json\/wp\/v2\/media\/2103"}],"wp:attachment":[{"href":"https:\/\/albanisch-lernen.com\/en\/wp-json\/wp\/v2\/media?parent=2101"}],"wp:term":[{"taxonomy":"product_brand","embeddable":true,"href":"https:\/\/albanisch-lernen.com\/en\/wp-json\/wp\/v2\/product_brand?post=2101"},{"taxonomy":"product_cat","embeddable":true,"href":"https:\/\/albanisch-lernen.com\/en\/wp-json\/wp\/v2\/product_cat?post=2101"},{"taxonomy":"product_tag","embeddable":true,"href":"https:\/\/albanisch-lernen.com\/en\/wp-json\/wp\/v2\/product_tag?post=2101"}],"curies":[{"name":"wp","href":"https:\/\/api.w.org\/{rel}","templated":true}]}}