{"id":1489,"date":"2025-04-20T19:28:09","date_gmt":"2025-04-20T19:28:09","guid":{"rendered":"https:\/\/albanisch-lernen.com\/?post_type=product&#038;p=1489"},"modified":"2026-01-01T16:40:59","modified_gmt":"2026-01-01T14:40:59","slug":"grundlagen-des-kosovo-albanischen","status":"publish","type":"product","link":"https:\/\/albanisch-lernen.com\/en\/product\/grundlagen-des-kosovo-albanischen\/","title":{"rendered":"Grundlagen des Kosovo-Albanischen"},"content":{"rendered":"<p>Das 30-seitige eBook &#8220;Grundlagen des Kosovo-Albanischen&#8221; umfasst die Dokumente, die unter &#8220;Downloads&#8221; zu finden sind. Das hei\u00dft, du kannst die Dokumente einzeln kostenlos unter &#8220;Downloads&#8221; herunterladen, oder mich hier mit diesem Kauf unterst\u00fctzen und alle Dokumente gesammelt in einem eBook erwerben und herunterladen. Somit deckt das eBook die wichtigsten Themen f\u00fcr den Einstieg in den kosovo-albanischen Dialekt ab: Alphabet, Aussprache, Zahlen, Deklination, wichtigste W\u00f6rter, Erz\u00e4hlungen und vieles mehr.<\/p>","protected":false},"excerpt":{"rendered":"<p>Das 30-seitige eBook &#8220;Grundlagen des Kosovo-Albanischen&#8221; umfasst die Dokumente, die unter &#8220;Downloads&#8221; zu finden sind. Das hei\u00dft, du kannst die Dokumente einzeln kostenlos unter &#8220;Downloads&#8221; herunterladen, oder mich hier mit diesem Kauf unterst\u00fctzen und alle Dokumente gesammelt in einem eBook erwerben und herunterladen. Somit deckt das eBook die wichtigsten Themen f\u00fcr den Einstieg in den [&hellip;]<\/p>\n","protected":false},"featured_media":2108,"comment_status":"open","ping_status":"closed","template":"","meta":{"_acf_changed":false},"product_brand":[],"product_cat":[30],"product_tag":[],"class_list":{"0":"post-1489","1":"product","2":"type-product","3":"status-publish","4":"has-post-thumbnail","6":"product_cat-ebook","8":"first","9":"instock","10":"sale","11":"downloadable","12":"sold-individually","13":"taxable","14":"shipping-taxable","15":"purchasable","16":"product-type-simple"},"acf":[],"jetpack_sharing_enabled":true,"_links":{"self":[{"href":"https:\/\/albanisch-lernen.com\/en\/wp-json\/wp\/v2\/product\/1489","targetHints":{"allow":["GET"]}}],"collection":[{"href":"https:\/\/albanisch-lernen.com\/en\/wp-json\/wp\/v2\/product"}],"about":[{"href":"https:\/\/albanisch-lernen.com\/en\/wp-json\/wp\/v2\/types\/product"}],"replies":[{"embeddable":true,"href":"https:\/\/albanisch-lernen.com\/en\/wp-json\/wp\/v2\/comments?post=1489"}],"wp:featuredmedia":[{"embeddable":true,"href":"https:\/\/albanisch-lernen.com\/en\/wp-json\/wp\/v2\/media\/2108"}],"wp:attachment":[{"href":"https:\/\/albanisch-lernen.com\/en\/wp-json\/wp\/v2\/media?parent=1489"}],"wp:term":[{"taxonomy":"product_brand","embeddable":true,"href":"https:\/\/albanisch-lernen.com\/en\/wp-json\/wp\/v2\/product_brand?post=1489"},{"taxonomy":"product_cat","embeddable":true,"href":"https:\/\/albanisch-lernen.com\/en\/wp-json\/wp\/v2\/product_cat?post=1489"},{"taxonomy":"product_tag","embeddable":true,"href":"https:\/\/albanisch-lernen.com\/en\/wp-json\/wp\/v2\/product_tag?post=1489"}],"curies":[{"name":"wp","href":"https:\/\/api.w.org\/{rel}","templated":true}]}}